{"id":2,"date":"2021-05-25T12:57:45","date_gmt":"2021-05-25T12:57:45","guid":{"rendered":"http:\/\/onurcaymaz.com\/?page_id=2"},"modified":"2021-06-02T10:15:28","modified_gmt":"2021-06-02T10:15:28","slug":"kitaplari","status":"publish","type":"page","link":"http:\/\/onurcaymaz.com\/index.php\/kitaplari\/","title":{"rendered":"Kitaplar\u0131"},"content":{"rendered":"\n<blockquote class=\"wp-block-quote is-layout-flow wp-block-quote-is-layout-flow\"><p><em>Ayla \u00f6ld\u00fc, dediler&#8230;<\/em><\/p><p><em>Ben Beyaz\u0131t\u2019a gitseydim. Ya\u011fmur ya\u011fmasayd\u0131. \u00c7abucak ak\u015fam oldu annecik. Abim bi trene binip i\u015fe gitmi\u015fti. K\u00e2k\u00fclleri vard\u0131. Sigara i\u00e7iyomu\u015f vapurda. Dudaklar\u0131 g\u00fczeldi. Fethi Usta, \u015fu k\u00f6\u015fedeki manav\u0131n sa\u011f\u0131ndan sap, soka\u011f\u0131n sonunda b\u00fcy\u00fck a\u011fa\u00e7 var, demi\u015fti. Be\u015f y\u00fcz ya\u015f\u0131ndad\u0131r, demi\u015fti. A\u011fa\u00e7lar uzun mu ya\u015f\u0131yo sahiden? Ger\u00e7ek mi? \u0130nanmad\u0131m. A\u011fa\u00e7lar o kadar ya\u015farsa; Ayla \u00f6ld\u00fc, dediler, yalan. Yalan ki ne yalan! Ustalar da yalan konu\u015fur, beyaz beyaz b\u0131y\u0131klar\u0131yla, g\u00f6zl\u00fckleriyle, kocaman ellerinde k\u00fc\u00e7\u00fcc\u00fck kalan \u00e7ay bardaklar\u0131yla\u2026 Ustalar\u0131n elleri kocaman&#8230;<\/em><\/p><cite>Bazen Ayla,<\/cite><\/blockquote>\n\n\n\n<p>Bask\u0131s\u0131 bulunan kitaplar\u0131 \u00fczerine t\u0131klayarak sat\u0131n alabilirsiniz.<\/p>\n\n\n\n<p><br><strong><span style=\"color:#a30089\" class=\"has-inline-color\">1999 &#8211; Hayalperistanbul, Gen\u00e7lik Kitabevi \u00d6yk\u00fc \u00d6d\u00fcl\u00fc <\/span><\/strong><\/p>\n\n\n\n<figure class=\"wp-block-image size-large is-resized\"><img loading=\"lazy\" decoding=\"async\" src=\"http:\/\/onurcaymaz.com\/wp-content\/uploads\/2021\/05\/g.jpg\" alt=\"\" class=\"wp-image-34\" width=\"149\" height=\"299\" srcset=\"http:\/\/onurcaymaz.com\/wp-content\/uploads\/2021\/05\/g.jpg 254w, http:\/\/onurcaymaz.com\/wp-content\/uploads\/2021\/05\/g-149x300.jpg 149w\" sizes=\"auto, (max-width: 149px) 100vw, 149px\" \/><\/figure>\n\n\n\n<p><span class=\"has-inline-color has-vivid-red-color\"><strong>2000 &#8211; K\u00e2h ve Rengi, \u015eiir, Hera Yay\u0131nlar\u0131, &#8212; Orhon Murat Ar\u0131burnu \u015eiir \u00d6d\u00fcl\u00fc<\/strong><\/span><\/p>\n\n\n\n<p><strong><span class=\"has-inline-color has-vivid-purple-color\">2002 &#8211; Ezilmi\u015f Leylaklar Kitabevi, Hik\u00e2ye, Do\u011fan Kitap &#8212; Kitaptaki Nokta ile Haldun Taner \u00d6yk\u00fc \u00d6d\u00fcl\u00fc ikincili\u011fi<\/span><\/strong><\/p>\n\n\n\n<p><strong><span style=\"color:#086a46\" class=\"has-inline-color\">2004 &#8211; Seni Hat\u0131rlatan Y\u0131ld\u0131zlar, Roman, Do\u011fan Kitap<\/span><\/strong><\/p>\n\n\n\n<p><span class=\"has-inline-color has-vivid-red-color\"><strong>2005 &#8211; <a href=\"https:\/\/www.odakitap.com\/bak-hala-cok-guzelsin-kitabi-onur-caymaz\" target=\"_blank\" rel=\"noreferrer noopener\">Bak H\u00e2l\u00e2 \u00c7ok G\u00fczelsin, \u015eiir, Do\u011fan Kitap &#8212; Beh\u00e7et Aysan \u015eiir \u00d6d\u00fcl\u00fc<\/a><\/strong><\/span><\/p>\n\n\n\n<p><strong><span class=\"has-inline-color has-vivid-purple-color\">2005 &#8211; Sanki Yar\u0131n Nisan, Hik\u00e2ye, Do\u011fan Kitap &#8212; Naim Tirali \u00d6yk\u00fc \u00d6d\u00fcl\u00fc<\/span><\/strong><\/p>\n\n\n\n<figure class=\"wp-block-image size-large\"><img loading=\"lazy\" decoding=\"async\" width=\"417\" height=\"355\" src=\"http:\/\/onurcaymaz.com\/wp-content\/uploads\/2021\/05\/10.jpg\" alt=\"\" class=\"wp-image-36\" srcset=\"http:\/\/onurcaymaz.com\/wp-content\/uploads\/2021\/05\/10.jpg 417w, http:\/\/onurcaymaz.com\/wp-content\/uploads\/2021\/05\/10-300x255.jpg 300w\" sizes=\"auto, (max-width: 417px) 100vw, 417px\" \/><\/figure>\n\n\n\n<p><strong><span class=\"has-inline-color has-vivid-purple-color\">2008 &#8211; Kalbin ve Tenin B\u00fct\u00fcn \u0130stekleri, Hik\u00e2ye, Sel<\/span><\/strong><\/p>\n\n\n\n<p><span class=\"has-inline-color has-vivid-red-color\"><strong>2009 &#8211; Yaz Tarifesi, \u015eiir, Metis<\/strong><\/span><\/p>\n\n\n\n<p><span class=\"has-inline-color has-vivid-purple-color\"><strong><a rel=\"noreferrer noopener\" href=\"https:\/\/www.odakitap.com\/gece-guzelligi-kitabi-onur-caymaz\" target=\"_blank\">2010 &#8211; Gece G\u00fczelli\u011fi, Hikaye, \u0130leti\u015fim (Sonradan K\u0131rm\u0131z\u0131 Kedi)<\/a><\/strong><\/span><\/p>\n\n\n\n<figure class=\"wp-block-image size-large is-resized\"><img loading=\"lazy\" decoding=\"async\" src=\"http:\/\/onurcaymaz.com\/wp-content\/uploads\/2021\/06\/g.jpeg\" alt=\"\" class=\"wp-image-124\" width=\"191\" height=\"277\" srcset=\"http:\/\/onurcaymaz.com\/wp-content\/uploads\/2021\/06\/g.jpeg 320w, http:\/\/onurcaymaz.com\/wp-content\/uploads\/2021\/06\/g-207x300.jpeg 207w\" sizes=\"auto, (max-width: 191px) 100vw, 191px\" \/><\/figure>\n\n\n\n<p><strong><span class=\"has-inline-color has-vivid-purple-color\">2011 &#8211; Hik\u00e2yeden \u00c7ocuk, Hikaye (Se\u00e7ki), \u0130leti\u015fim<\/span><\/strong><\/p>\n\n\n\n<p><strong><span class=\"has-inline-color has-vivid-purple-color\">2012 &#8211; G\u00f6ky\u00fcz\u00fc Sinemas\u0131, Hik\u00e2ye (Se\u00e7ki), \u0130leti\u015fim<\/span><\/strong><\/p>\n\n\n\n<p><strong><span class=\"has-inline-color has-vivid-red-color\"><a href=\"https:\/\/www.odakitap.com\/pervaneyle-yaren-kitabi-onur-caymaz\" target=\"_blank\" rel=\"noreferrer noopener\">2013 &#8211; Pervaneyle Yaren, \u015eiir, Tekin, (Sonradan K\u0131rm\u0131z\u0131 Kedi) &#8212; Bedri Rahmi Ey\u00fcbo\u011flu \u015eiir \u00d6d\u00fcl\u00fc<\/a><\/span><\/strong><\/p>\n\n\n\n<p><strong><span class=\"has-inline-color has-vivid-purple-color\"><a href=\"https:\/\/www.odakitap.com\/herkes-yalniz-kitabi-onur-caymaz\" target=\"_blank\" rel=\"noreferrer noopener\">2015 &#8211; Herkes Yaln\u0131z, Hik\u00e2ye, K\u0131rm\u0131z\u0131 Kedi<\/a><\/span><\/strong><\/p>\n\n\n\n<p><strong><span class=\"has-inline-color has-black-color\"><a rel=\"noreferrer noopener\" href=\"https:\/\/www.odakitap.com\/hatirla-barbara-yagmur-yagiyordu-kitabi-onur-caymaz\" target=\"_blank\">2016 &#8211; Hat\u0131rla Barbara Ya\u011fmur Ya\u011f\u0131yordu, Deneme, K\u0131rm\u0131z\u0131 Kedi<\/a><\/span><\/strong><\/p>\n\n\n\n<figure class=\"wp-block-image size-large is-resized\"><img loading=\"lazy\" decoding=\"async\" src=\"http:\/\/onurcaymaz.com\/wp-content\/uploads\/2021\/06\/Big.jpeg\" alt=\"\" class=\"wp-image-131\" width=\"195\" height=\"281\" srcset=\"http:\/\/onurcaymaz.com\/wp-content\/uploads\/2021\/06\/Big.jpeg 320w, http:\/\/onurcaymaz.com\/wp-content\/uploads\/2021\/06\/Big-208x300.jpeg 208w\" sizes=\"auto, (max-width: 195px) 100vw, 195px\" \/><\/figure>\n\n\n\n<p><strong><span class=\"has-inline-color has-vivid-purple-color\">2012 &#8211; G\u00f6ky\u00fcz\u00fc Sinemas\u0131, Hik\u00e2ye (Se\u00e7ki), \u0130leti\u015fim<\/span><\/strong><\/p>\n\n\n\n<p><strong><span style=\"color:#06714a\" class=\"has-inline-color\"><a href=\"https:\/\/www.odakitap.com\/sifir-kitabi-onur-caymaz\" target=\"_blank\" rel=\"noreferrer noopener\">2017 &#8211; S\u0131f\u0131r, Roman, K\u0131rm\u0131z\u0131 Kedi &#8212; Attil\u00e2 \u0130lhan Roman \u00d6d\u00fcl\u00fc<\/a><\/span><\/strong><\/p>\n\n\n\n<figure class=\"wp-block-embed is-type-video is-provider-youtube wp-block-embed-youtube wp-embed-aspect-16-9 wp-has-aspect-ratio\"><div class=\"wp-block-embed__wrapper\">\n<iframe loading=\"lazy\" title=\"S\u0131f\u0131r\" width=\"1160\" height=\"653\" src=\"https:\/\/www.youtube.com\/embed\/buer40IASek?feature=oembed\" frameborder=\"0\" allow=\"accelerometer; autoplay; clipboard-write; encrypted-media; gyroscope; picture-in-picture\" allowfullscreen><\/iframe>\n<\/div><\/figure>\n\n\n\n<p><strong><span class=\"has-inline-color has-black-color\"><a rel=\"noreferrer noopener\" href=\"https:\/\/www.odakitap.com\/soyle-juliet-sana-ne-yaptim-kitabi-onur-caymaz\" target=\"_blank\">2019 &#8211; S\u00f6yle Juliet Sana Ne Yapt\u0131m, Deneme, K\u0131rm\u0131z\u0131 Kedi<\/a><\/span><\/strong><\/p>\n\n\n\n<figure class=\"wp-block-image size-large is-resized\"><img loading=\"lazy\" decoding=\"async\" src=\"http:\/\/onurcaymaz.com\/wp-content\/uploads\/2021\/06\/s.jpeg\" alt=\"\" class=\"wp-image-132\" width=\"242\" height=\"350\" srcset=\"http:\/\/onurcaymaz.com\/wp-content\/uploads\/2021\/06\/s.jpeg 320w, http:\/\/onurcaymaz.com\/wp-content\/uploads\/2021\/06\/s-208x300.jpeg 208w\" sizes=\"auto, (max-width: 242px) 100vw, 242px\" \/><\/figure>\n\n\n\n<p><strong><span class=\"has-inline-color has-vivid-red-color\"><a href=\"https:\/\/www.odakitap.com\/dunya-evi-kitabi-onur-caymaz\" target=\"_blank\" rel=\"noreferrer noopener\">2019 &#8211; D\u00fcnya Evi, \u015eiir, K\u0131rm\u0131z\u0131 Kedi<\/a><\/span><\/strong><\/p>\n","protected":false},"excerpt":{"rendered":"<p>Ayla \u00f6ld\u00fc, dediler&#8230; Ben Beyaz\u0131t\u2019a gitseydim. Ya\u011fmur ya\u011fmasayd\u0131. \u00c7abucak ak\u015fam oldu annecik. Abim bi trene binip i\u015fe gitmi\u015fti. K\u00e2k\u00fclleri vard\u0131. Sigara i\u00e7iyomu\u015f vapurda. Dudaklar\u0131 g\u00fczeldi. [&hellip;]<\/p>\n","protected":false},"author":2929,"featured_media":0,"parent":0,"menu_order":0,"comment_status":"closed","ping_status":"closed","template":"","meta":{"footnotes":""},"class_list":["post-2","page","type-page","status-publish","hentry"],"_links":{"self":[{"href":"http:\/\/onurcaymaz.com\/index.php\/wp-json\/wp\/v2\/pages\/2","targetHints":{"allow":["GET"]}}],"collection":[{"href":"http:\/\/onurcaymaz.com\/index.php\/wp-json\/wp\/v2\/pages"}],"about":[{"href":"http:\/\/onurcaymaz.com\/index.php\/wp-json\/wp\/v2\/types\/page"}],"author":[{"embeddable":true,"href":"http:\/\/onurcaymaz.com\/index.php\/wp-json\/wp\/v2\/users\/2929"}],"replies":[{"embeddable":true,"href":"http:\/\/onurcaymaz.com\/index.php\/wp-json\/wp\/v2\/comments?post=2"}],"version-history":[{"count":15,"href":"http:\/\/onurcaymaz.com\/index.php\/wp-json\/wp\/v2\/pages\/2\/revisions"}],"predecessor-version":[{"id":135,"href":"http:\/\/onurcaymaz.com\/index.php\/wp-json\/wp\/v2\/pages\/2\/revisions\/135"}],"wp:attachment":[{"href":"http:\/\/onurcaymaz.com\/index.php\/wp-json\/wp\/v2\/media?parent=2"}],"curies":[{"name":"wp","href":"https:\/\/api.w.org\/{rel}","templated":true}]}}