{"id":9,"date":"2021-05-26T11:23:36","date_gmt":"2021-05-26T11:23:36","guid":{"rendered":"http:\/\/onurcaymaz.com\/?page_id=9"},"modified":"2021-06-01T14:29:10","modified_gmt":"2021-06-01T14:29:10","slug":"kimdir","status":"publish","type":"page","link":"http:\/\/onurcaymaz.com\/index.php\/kimdir\/","title":{"rendered":"Kimdir"},"content":{"rendered":"\n<figure class=\"wp-block-image size-large is-resized\"><img loading=\"lazy\" decoding=\"async\" src=\"http:\/\/onurcaymaz.com\/wp-content\/uploads\/2021\/05\/24.jpg\" alt=\"\" class=\"wp-image-28\" width=\"451\" height=\"339\" srcset=\"http:\/\/onurcaymaz.com\/wp-content\/uploads\/2021\/05\/24.jpg 722w, http:\/\/onurcaymaz.com\/wp-content\/uploads\/2021\/05\/24-300x226.jpg 300w, http:\/\/onurcaymaz.com\/wp-content\/uploads\/2021\/05\/24-680x511.jpg 680w, http:\/\/onurcaymaz.com\/wp-content\/uploads\/2021\/05\/24-480x361.jpg 480w\" sizes=\"auto, (max-width: 451px) 100vw, 451px\" \/><\/figure>\n\n\n\n<p>Saadet Han\u0131m ve T\u00fclay Bey\u2019in o\u011flu olarak \u0130stanbul\u2019da d\u00fcnyaya geldi. \u0130lk\u00f6\u011frenimine Nil\u00fcfer Hatun \u0130lkokulunda ba\u015flad\u0131. 1993\u2019te Ma\u00e7ka Teknik Lisesini, 1998\u2019de Marmara \u00dcniversitesi Teknik E\u011fitim Fak\u00fcltesi Elektronik \u00d6\u011fretmenli\u011fi B\u00f6l\u00fcm\u00fcn\u00fc bitirdi. 1999-2007 y\u0131llar\u0131 aras\u0131nda bilgi i\u015flem uzman\u0131 olarak Mavi Jeans Bilgi \u0130\u015flem Departman\u0131nda \u00e7al\u0131\u015ft\u0131. 2007 sonras\u0131 \u00e7e\u015fitli ajanslar ve yay\u0131nevlerinde edit\u00f6rl\u00fck, ba\u011f\u0131ms\u0131z yazarl\u0131k ve d\u00fczeltmenlik yapt\u0131. H\u00e2len bir reklam ajans\u0131nda d\u00fczeltmen olarak \u00e7al\u0131\u015fmaktad\u0131r. Fransa\u2019da 2010\u2019da d\u00fczenlenen Voix Vives \u015eiir Festivali, Arnavutluk\u2019ta d\u00fczenlenen Poeteka 2009 \u015eiir Festivali gibi yurt d\u0131\u015f\u0131nda pek \u00e7ok festivale kat\u0131lm\u0131\u015f olan Onur Caymaz \u00fcretken kimli\u011fiyle \u015fiir, \u00f6yk\u00fc, roman, deneme gibi edebiyat\u0131n farkl\u0131 t\u00fcrlerinde yazd\u0131. <\/p>\n\n\n\n<figure class=\"wp-block-image size-large\"><img loading=\"lazy\" decoding=\"async\" width=\"768\" height=\"1024\" src=\"http:\/\/onurcaymaz.com\/wp-content\/uploads\/2021\/05\/18-768x1024.jpg\" alt=\"\" class=\"wp-image-26\" srcset=\"http:\/\/onurcaymaz.com\/wp-content\/uploads\/2021\/05\/18-768x1024.jpg 768w, http:\/\/onurcaymaz.com\/wp-content\/uploads\/2021\/05\/18-225x300.jpg 225w, http:\/\/onurcaymaz.com\/wp-content\/uploads\/2021\/05\/18-1152x1536.jpg 1152w, http:\/\/onurcaymaz.com\/wp-content\/uploads\/2021\/05\/18-1536x2048.jpg 1536w, http:\/\/onurcaymaz.com\/wp-content\/uploads\/2021\/05\/18-1218x1624.jpg 1218w, http:\/\/onurcaymaz.com\/wp-content\/uploads\/2021\/05\/18-680x907.jpg 680w, http:\/\/onurcaymaz.com\/wp-content\/uploads\/2021\/05\/18-480x640.jpg 480w, http:\/\/onurcaymaz.com\/wp-content\/uploads\/2021\/05\/18-scaled.jpg 1920w\" sizes=\"auto, (max-width: 768px) 100vw, 768px\" \/><\/figure>\n\n\n\n<p>\u015eiirleri Frans\u0131zca, \u0130ngilizce, Arnavut\u00e7a, Ermenice gibi dillere \u00e7evrildi. \u00d6yk\u00fcleri&nbsp;<em>Adam \u00d6yk\u00fc, Sarn\u0131\u00e7, Notos \u00d6yk\u00fc<\/em>\u2019de; \u015fiirleri ise;&nbsp;<em>Varl\u0131k, E, Adam Sanat<\/em>&nbsp;dergilerinde yay\u0131mland\u0131.&nbsp;<em>Virg\u00fcl, E\u015fik Cini, Express, \u00d6k\u00fcz; Radikal, Cumhuriyet Kitap, Yurt<\/em>&nbsp;gibi \u00e7e\u015fitli gazete ve dergilerde s\u00f6yle\u015fi, deneme ve makaleleri yer ald\u0131.<\/p>\n\n\n\n<p><em>Eliz Edebiyat<\/em>&nbsp;dergisinde \u201cD\u00fcnebakanlar 2008\u201d adl\u0131 k\u00f6\u015fesinde g\u00fcnl\u00fckler yazd\u0131. 2009-2011 y\u0131llar\u0131 aras\u0131nda&nbsp;<em>BirG\u00fcn<\/em>&nbsp;gazetesinde \u201cPazaryeri\u201d adl\u0131 k\u00f6\u015fesinde yazd\u0131. 2018 &#8211; 2020 y\u0131llar\u0131 aras\u0131nda <em>Ayd\u0131nl\u0131k<\/em>&nbsp;gazetesinde yazd\u0131. <\/p>\n\n\n\n<p>E\u015fi Asl\u0131han T\u00fcrel ile birlikte kurdu\u011fu Akademi Nar\u2019da \u201cYarat\u0131c\u0131 Okurluk\u201d, \u201cYarat\u0131l\u0131\u011f\u0131 Geli\u015ftirmek\u201d, \u201cOnur Caymaz ile Kitap Kul\u00fcb\u00fc\u201d at\u00f6lyeleri d\u00fczenlemektedir. <\/p>\n\n\n\n<p>\u015eiirlerinin yan\u0131 s\u0131ra \u00f6yk\u00fc ve romanlar\u0131yla da bir\u00e7ok \u00f6d\u00fcl kazand\u0131. 1999 y\u0131l\u0131nda Gen\u00e7lik Kitabevi \u00d6yk\u00fc \u00d6d\u00fcl\u00fc\u2019n\u00fc \u201cHayalperistanbul\u201d adl\u0131 \u00f6yk\u00fcs\u00fcyle ald\u0131. 2000 y\u0131l\u0131nda&nbsp;<em>K\u00e2h ve Rengi<\/em>&nbsp;adl\u0131 dosyas\u0131, Orhon Murat Ar\u0131burnu \u015eiir \u00d6d\u00fcl\u00fc\u2019n\u00fc alarak kitap olarak yay\u0131mland\u0131. 2002 y\u0131l\u0131nda yay\u0131mlanan&nbsp;<em>Ezilmi\u015f Leylaklar Kitab\u0131<\/em>&nbsp;adl\u0131 \u00f6yk\u00fc kitab\u0131nda yer alan \u201cNokta\u201d adl\u0131 \u00f6yk\u00fcs\u00fc Haldun Taner \u00d6yk\u00fc \u00d6d\u00fcl\u00fc\u2019nde ikinci oldu.&nbsp;<em>Bak H\u00e2l\u00e2 \u00c7ok G\u00fczelsin<\/em>, 2005 y\u0131l\u0131nda Beh\u00e7et Aysan \u015eiir \u00d6d\u00fcl\u00fc\u2019n\u00fc kazand\u0131. 2005\u2019te yay\u0131mlanan&nbsp;<em>Sanki Yar\u0131n Nisan<\/em>&nbsp;adl\u0131 \u00f6yk\u00fc kitab\u0131 ile 2006 y\u0131l\u0131nda Naim Tirali \u00d6yk\u00fc \u00d6d\u00fcl\u00fc\u2019ne lay\u0131k g\u00f6r\u00fcld\u00fc. 2011\u2019de&nbsp;<em>Pervaneyle Yaren<\/em>&nbsp;adl\u0131 \u015fiir dosyas\u0131yla Bedri Rahmi Ey\u00fcbo\u011flu \u015eiir \u00d6d\u00fcl\u00fc\u2019n\u00fc kazand\u0131. 2017\u2019de yay\u0131mlanan&nbsp;<em>S\u0131f\u0131r<\/em>&nbsp;adl\u0131 roman\u0131 Attil\u00e2 \u0130lhan Roman \u00d6d\u00fcl\u00fc ald\u0131.<\/p>\n\n\n\n<figure class=\"wp-block-embed is-type-video is-provider-youtube wp-block-embed-youtube wp-embed-aspect-16-9 wp-has-aspect-ratio\"><div class=\"wp-block-embed__wrapper\">\n<iframe loading=\"lazy\" title=\"Attil\u00e2 \u0130lhan Roman \u00d6d\u00fcl\u00fc, 2018, Onur Caymaz konu\u015fmas\u0131\" width=\"1160\" height=\"653\" src=\"https:\/\/www.youtube.com\/embed\/RE4pLdWdM1I?feature=oembed\" frameborder=\"0\" allow=\"accelerometer; autoplay; clipboard-write; encrypted-media; gyroscope; picture-in-picture\" allowfullscreen><\/iframe>\n<\/div><\/figure>\n\n\n\n<p>Yaz\u0131n hayat\u0131na 1999\u2019da yay\u0131mlanan&nbsp;<em>Hayalperistanbul<\/em>&nbsp;adl\u0131 \u00f6yk\u00fcs\u00fcyle giren Onur Caymaz k\u00fc\u00e7\u00fck ya\u015flardan beri \u015fiirle ilgilenmi\u015ftir.&nbsp;<em>Hik\u00e2yeden \u00c7ocuk<\/em>&nbsp;adl\u0131 se\u00e7ki-denemesinde \u201cHaziran \u015eafaklar\u0131\u201d adl\u0131 ilk \u015fiirini on be\u015f ya\u015f\u0131ndayken yazd\u0131\u011f\u0131n\u0131 belirtmi\u015ftir (Caymaz 2011: 32).&nbsp;<em>Tanzimat\u2019tan Bug\u00fcne Edebiyat\u00e7\u0131lar Ansiklopedisi<\/em>\u2019ne g\u00f6re (Yal\u00e7\u0131n 2010: 265) ilk \u015fiiri 1994 y\u0131l\u0131nda&nbsp;<em>Ada<\/em>&nbsp;dergisinde yay\u0131mlanm\u0131\u015ft\u0131r; fakat Onur Caymaz ilk \u015fiir olarak, 13 A\u011fustos 1995 tarihli \u201c1945\u2019lerden Kalma A\u011fustossuz Bir G\u00fcnce\u201d adl\u0131 metnini belirtmi\u015ftir (Caymaz 2011: 41). Bu \u015fiiri, 1996\u2019da Marmara \u00dcniversitesi Uluslararas\u0131 \u0130li\u015fkiler Kul\u00fcb\u00fc taraf\u0131ndan yay\u0131mlanan&nbsp;<em>Bak\u0131\u015f<\/em>&nbsp;dergisinde \u00e7\u0131km\u0131\u015ft\u0131r. <\/p>\n\n\n\n<figure class=\"wp-block-image size-large\"><img loading=\"lazy\" decoding=\"async\" width=\"1024\" height=\"998\" src=\"http:\/\/onurcaymaz.com\/wp-content\/uploads\/2021\/05\/Screen-Shot-2021-05-31-at-11.49.55-1024x998.png\" alt=\"\" class=\"wp-image-27\" srcset=\"http:\/\/onurcaymaz.com\/wp-content\/uploads\/2021\/05\/Screen-Shot-2021-05-31-at-11.49.55-1024x998.png 1024w, http:\/\/onurcaymaz.com\/wp-content\/uploads\/2021\/05\/Screen-Shot-2021-05-31-at-11.49.55-300x292.png 300w, http:\/\/onurcaymaz.com\/wp-content\/uploads\/2021\/05\/Screen-Shot-2021-05-31-at-11.49.55-768x748.png 768w, http:\/\/onurcaymaz.com\/wp-content\/uploads\/2021\/05\/Screen-Shot-2021-05-31-at-11.49.55-680x663.png 680w, http:\/\/onurcaymaz.com\/wp-content\/uploads\/2021\/05\/Screen-Shot-2021-05-31-at-11.49.55-480x468.png 480w, http:\/\/onurcaymaz.com\/wp-content\/uploads\/2021\/05\/Screen-Shot-2021-05-31-at-11.49.55.png 1172w\" sizes=\"auto, (max-width: 1024px) 100vw, 1024px\" \/><\/figure>\n\n\n\n<p>\u0130lk \u00f6yk\u00fc kitab\u0131&nbsp;<em>Hayalperistanbul<\/em>\u2019u \u00fcniversitedeyken bitirme tezini yazd\u0131\u011f\u0131 s\u0131ralarda yazmaya karar verdi\u011fini belirtir. Gen\u00e7lik Kitabevi \u00d6yk\u00fc \u00d6d\u00fcl\u00fc\u2019nde birinci olan bu kitab\u0131n yar\u0131\u015fmada \u00f6d\u00fcl alan di\u011fer \u00f6yk\u00fclerle birlikte&nbsp;<em>Gen\u00e7lik \u00d6d\u00fclleri 1999 \u00d6yk\u00fcler<\/em>&nbsp;ad\u0131yla tek bir kitap h\u00e2linde yay\u0131mlanmas\u0131 nedeniyle bu \u00f6yk\u00fc kitab\u0131 \u00e7o\u011fu okur taraf\u0131ndan bilinmemektedir.<\/p>\n\n\n\n<p>Onur Caymaz\u2019\u0131n askere gitmeden hemen \u00f6nce yaz\u0131p tamamlad\u0131\u011f\u0131 ve&nbsp;<em>Varl\u0131k<\/em>&nbsp;dergisindeki duyurusu \u00fczerine Orhon Ar\u0131burnu \u015eiir \u00d6d\u00fcl\u00fc i\u00e7in g\u00f6nderdi\u011fi \u015fiir dosyas\u0131, \u00f6d\u00fcle lay\u0131k g\u00f6r\u00fclerek&nbsp;<em>K\u00e2h ve Rengi<\/em>&nbsp;ad\u0131yla 2000 y\u0131l\u0131nda bas\u0131lm\u0131\u015ft\u0131r. Haldun Taner \u00d6yk\u00fc \u00d6d\u00fcll\u00fc \u201cNokta\u201d \u00f6yk\u00fcs\u00fc sayesinde Do\u011fan Kitap ailesiyle tan\u0131\u015fm\u0131\u015f ve i\u00e7inde bu \u00f6yk\u00fcn\u00fcn de yer ald\u0131\u011f\u0131 ikinci \u00f6yk\u00fc kitab\u0131&nbsp;<em>Ezilmi\u015f Leylaklar Kitab\u0131<\/em>&nbsp;2003\u2019te Do\u011fan Kitap\u2019tan \u00e7\u0131km\u0131\u015ft\u0131r. Kitapta yer alan on d\u00f6rt \u00f6yk\u00fcye, yazar\u0131n \u015fairli\u011finden gelen \u015fiirsel s\u00f6ylem ve ritim duygusu yans\u0131m\u0131\u015ft\u0131r. \u201cCaymaz\u2019\u0131n hik\u00e2ye dili \u015fairli\u011finden \u00e7ok\u00e7a beslen[mektedir]\u201d (\u00c7elik 2004: 2). G\u00fcndelik hayat\u0131n karma\u015fas\u0131 i\u00e7inde yaln\u0131zl\u0131\u011f\u0131n, i\u00e7 s\u0131k\u0131nt\u0131s\u0131n\u0131n, h\u00fczn\u00fcn, hayal k\u0131r\u0131kl\u0131\u011f\u0131n\u0131n ifadesi olan bu \u00f6yk\u00fcleri olu\u015fturan kitab\u0131 haz\u0131rlarken Onur Caymaz ya\u015fad\u0131\u011f\u0131 \u00e7evreden de yararlanm\u0131\u015ft\u0131r. \u201c\u0130\u015fe gidip gelirken Avc\u0131lar\u2019dan, Cennet Mahallesi\u2019nden ge\u00e7i\u015flerim \u201cCennet\u2019e \u0130necek Var\u201d\u0131 getiriyor\u201d (Caymaz 2011: 50-51). Kitapta yer alan 2002 y\u0131l\u0131 Haldun Taner \u00d6yk\u00fc \u00d6d\u00fcl\u00fc ikincili\u011fini ald\u0131\u011f\u0131 \u00f6yk\u00fcs\u00fc \u201cNokta\u201dda, 2002 y\u0131l\u0131nda kaybetti\u011fi babas\u0131n\u0131n \u00f6l\u00fcm\u00fcn\u00fc anlatm\u0131\u015ft\u0131r. Bu \u00f6yk\u00fc ile ilgili \u201cAd\u0131n\u0131n, k\u00fc\u00e7\u00fckl\u00fc\u011f\u00fc \u00e7a\u011fr\u0131\u015ft\u0131rd\u0131\u011f\u0131na bakmay\u0131n, kibrit kutular\u0131 kocaman yang\u0131nlar saklar i\u00e7inde.\u201d demi\u015ftir (Caymaz 2011: 51).<\/p>\n\n\n\n<figure class=\"wp-block-image size-large\"><img loading=\"lazy\" decoding=\"async\" width=\"609\" height=\"280\" src=\"http:\/\/onurcaymaz.com\/wp-content\/uploads\/2021\/05\/9.jpg\" alt=\"\" class=\"wp-image-30\" srcset=\"http:\/\/onurcaymaz.com\/wp-content\/uploads\/2021\/05\/9.jpg 609w, http:\/\/onurcaymaz.com\/wp-content\/uploads\/2021\/05\/9-300x138.jpg 300w, http:\/\/onurcaymaz.com\/wp-content\/uploads\/2021\/05\/9-480x221.jpg 480w\" sizes=\"auto, (max-width: 609px) 100vw, 609px\" \/><\/figure>\n\n\n\n<p>\u0130lk roman\u0131&nbsp;<em>Seni Hat\u0131rlatan Y\u0131ld\u0131zlar<\/em>; hayat\u0131n i\u00e7inden farkl\u0131 toplumsal kesimden gelseler, farkl\u0131 ya\u015fam tarzlar\u0131na sahip olsalar da birbirlerine benzeyen insanlar\u0131 bir araya getirmi\u015ftir. Kahramanlar arac\u0131l\u0131\u011f\u0131yla modern hayat\u0131n ele\u015ftirisi \u00e7e\u015fitli metaforlarla yap\u0131lm\u0131\u015ft\u0131r. Serdar G\u00fcven adl\u0131 as\u0131l mesle\u011fi bilgisayarc\u0131l\u0131k olan bir yazar\u0131n; kilit, anahtar gibi nesneler \u00fczerinden yaln\u0131zl\u0131k, \u00f6zg\u00fcrl\u00fck, aidiyet ili\u015fkinlik gibi toplumsal durumlar\u0131 sorgulamas\u0131 dikkat \u00e7ekicidir. Yazar romanda yer alan kahramanlarla ilgili bo\u011fucu detayland\u0131rmalara girmek yerine; betimleyici anlat\u0131m tarz\u0131n\u0131n g\u00fcc\u00fcnden yararlanarak hayat\u0131n k\u00fc\u00e7\u00fck ayr\u0131nt\u0131lar\u0131n\u0131, \u201cD\u0131\u015f d\u00fcnyadan, g\u00f6rsellikten toplad\u0131\u011f\u0131 malzemeyi titizlikle i\u015flemi\u015f ve s\u00f6zc\u00fcklerle yeni bir resim \u00e7izmi\u015f\u201d (T\u00fcrke\u015f 2004: 95) tir.<\/p>\n\n\n\n<p>D\u00f6rd\u00fcnc\u00fc \u00f6yk\u00fc kitab\u0131&nbsp;<em>Kalbin ve Tenin B\u00fct\u00fcn \u0130stekleri<\/em>\u2019nde yazar\u0131n farkl\u0131 denemeler yapt\u0131\u011f\u0131 \u00f6zellikle kitab\u0131n son \u00f6yk\u00fcs\u00fc olan \u201cG\u00f6ky\u00fcz\u00fc Sinemas\u0131\u201dnda g\u00f6r\u00fclmektedir. 12 Eyl\u00fcl 1980 \u00f6ncesi ve sonras\u0131nda ya\u015fananlar\u0131, toplumda ve bireyde a\u00e7t\u0131\u011f\u0131 yaralar\u0131 ruhsal boyutuyla ele alan bu \u00f6yk\u00fc, bireylerin i\u00e7 d\u00fcnyalar\u0131n\u0131 aktarma konusunda yazar\u0131n g\u00f6zlem g\u00fcc\u00fcn\u00fc g\u00f6stermektedir. Onur Caymaz 2012\u2019de ayn\u0131 adla i\u00e7inde iki uzun \u00f6yk\u00fc bar\u0131nd\u0131ran bir \u00f6yk\u00fc se\u00e7kisi yay\u0131mlam\u0131\u015ft\u0131r.&nbsp;<em>Yaz Tarifesi<\/em>, yolculuk temi etraf\u0131nda \u015fiirin \u00f6yk\u00fcyle olan ili\u015fkisinin g\u00fczel \u00f6rneklerini bar\u0131nd\u0131ran \u00fc\u00e7\u00fcnc\u00fc \u015fiir kitab\u0131d\u0131r. Tomris Uyar\u2019\u0131n&nbsp;<em>G\u00fcnd\u00f6k\u00fcm\u00fc<\/em>&nbsp;adl\u0131 eserinden bir al\u0131nt\u0131 (Uyar 2005: 12) yapmas\u0131n\u0131 \u015fiirin \u00f6yk\u00fcyle kurdu\u011fu ba\u011fla a\u00e7\u0131klam\u0131\u015ft\u0131r. Bir \u015fiir yolculu\u011fu olarak okunabilecek kitab\u0131n i\u00e7inde baz\u0131 \u015fairlere yap\u0131lan g\u00f6ndermelere, baz\u0131 tan\u0131d\u0131k isimlere rastlamak m\u00fcmk\u00fcnd\u00fcr. Cemal S\u00fcreya, \u00d6zdemir Asaf, Cahit K\u00fclebi, Ahmet Erhan; Gurup Yorum, Bar\u0131\u015f Man\u00e7o, Leman Sam gibi isimleri saymak m\u00fcmk\u00fcnd\u00fcr. 2010\u2019da yay\u0131mlanan&nbsp;<em>Gece G\u00fczelli\u011fi<\/em>, yapt\u0131\u011f\u0131 i\u015fi \u201c\u015fiirli \u00f6yk\u00fcler yazmak\u201d diye tan\u0131mlayan Onur Caymaz\u2019\u0131n tarifine uygun bir \u00f6yk\u00fc kitab\u0131d\u0131r. Yazm\u0131\u015f oldu\u011fu di\u011fer \u00f6yk\u00fc kitaplar\u0131nda da var olan \u015fiirsel s\u00f6ylemin devam\u0131 olarak okunabilir. On alt\u0131 \u00f6yk\u00fcden olu\u015fan bu kitab\u0131n i\u00e7inde yer alan \u00f6yk\u00fclerden biri novella, birka\u00e7\u0131 k\u0131sa \u00f6yk\u00fc niteli\u011findedir.<\/p>\n\n\n\n<figure class=\"wp-block-image size-large\"><img loading=\"lazy\" decoding=\"async\" width=\"1024\" height=\"768\" src=\"http:\/\/onurcaymaz.com\/wp-content\/uploads\/2021\/05\/22-1024x768.jpg\" alt=\"\" class=\"wp-image-31\" srcset=\"http:\/\/onurcaymaz.com\/wp-content\/uploads\/2021\/05\/22-1024x768.jpg 1024w, http:\/\/onurcaymaz.com\/wp-content\/uploads\/2021\/05\/22-300x225.jpg 300w, http:\/\/onurcaymaz.com\/wp-content\/uploads\/2021\/05\/22-768x576.jpg 768w, http:\/\/onurcaymaz.com\/wp-content\/uploads\/2021\/05\/22-1536x1152.jpg 1536w, http:\/\/onurcaymaz.com\/wp-content\/uploads\/2021\/05\/22-2048x1536.jpg 2048w, http:\/\/onurcaymaz.com\/wp-content\/uploads\/2021\/05\/22-1218x914.jpg 1218w, http:\/\/onurcaymaz.com\/wp-content\/uploads\/2021\/05\/22-680x510.jpg 680w, http:\/\/onurcaymaz.com\/wp-content\/uploads\/2021\/05\/22-480x360.jpg 480w\" sizes=\"auto, (max-width: 1024px) 100vw, 1024px\" \/><\/figure>\n\n\n\n<p>K\u0131z\u0131 Nar\u2019a bir arma\u011fan olarak sundu\u011fu&nbsp;<em>Hik\u00e2yeden \u00c7ocuk<\/em>&nbsp;\u00f6yk\u00fc se\u00e7kisi, yazar\u0131n on be\u015f y\u0131ll\u0131k yaz\u0131n hayat\u0131n\u0131 deneme tarz\u0131yla okura sunmaktad\u0131r. \u00dc\u00e7 b\u00f6l\u00fcmden olu\u015fan kitab\u0131n ilk b\u00f6l\u00fcm\u00fc \u201cHat\u0131ra\u201dda, o g\u00fcne kadar yazd\u0131\u011f\u0131 roman, \u015fiir ve \u00f6yk\u00fc kitaplar\u0131ndan b\u00f6l\u00fcmlere yer vererek on be\u015f y\u0131ll\u0131k yaz\u0131n ser\u00fcvenini; ikinci b\u00f6l\u00fcm \u201cSe\u00e7ki\u201dde, hat\u0131ralar\u0131nda yer verdi\u011fi \u00f6yk\u00fclerini; \u00fc\u00e7\u00fcnc\u00fc b\u00f6l\u00fcm \u201cAnlar\u201dda ise foto\u011fraflar\u0131n\u0131 payla\u015fm\u0131\u015ft\u0131r. \u015eiir, \u00f6yk\u00fc ve roman t\u00fcrlerinde eser vermesine ra\u011fmen \u015fiirin yaz\u0131n hayat\u0131nda ayr\u0131 bir yeri oldu\u011funu vurgulayan Onur Caymaz\u2019\u0131n&nbsp;<em>Pervaneyle Yaren<\/em>&nbsp;adl\u0131 \u015fiir kitab\u0131 2011 y\u0131l\u0131nda Bedri Rahmi Ey\u00fcbo\u011flu \u015eiir \u00d6d\u00fcl\u00fc\u2019n\u00fc kazanm\u0131\u015ft\u0131r. Kitab\u0131n ad\u0131 ile i\u00e7eri\u011fi aras\u0131nda paralellik kurularak okunmas\u0131 gerekir. \u201cPervaneyle Yaren\u2019de Nesimi\u2019nin \u015fu d\u00f6rtl\u00fc\u011f\u00fcyd\u00fc beni yola d\u00fc\u015f\u00fcren: \u201cYanmakt\u0131r bizim k\u00e2r\u0131m\u0131z \/ Harcedelim hep var\u0131m\u0131z \/ Pervaneler yarenimiz \/ Gelsin bir ho\u015f\u00e7a yanal\u0131m\u2026\u201d Bu dizelerde yanmak diyordu \u015fair. K\u00e2r\u0131n\u0131n yanmak oldu\u011funu anlat\u0131yordu. Bu \u015fiiri okudu\u011fum g\u00fcnlerde k\u0131z\u0131m Nar d\u00fcnyaya gelmi\u015fti. N\u00e2ra yanmak diye nefis bir deyim var dilimizde. Yan\u0131 s\u0131ra Pervaneyle Yaren\u2019in i\u00e7inde benim ikinci kitab\u0131m da bulunuyor. O da 2005 y\u0131l\u0131nda Beh\u00e7et Aysan \u015eiir \u00d6d\u00fcl\u00fc\u2019ne lay\u0131k g\u00f6r\u00fclm\u00fc\u015ft\u00fc: Bak H\u00e2l\u00e2 \u00c7ok G\u00fczelsin. Beh\u00e7et Aysan da yananlardand\u0131r, biliyoruz.\u201d (G\u00f6rg\u00fc ve G\u00fcrel 2013: 12).&nbsp;<em>Hat\u0131rla Barbara Ya\u011fmur Ya\u011f\u0131yordu<\/em>&nbsp;adl\u0131 denemelerden olu\u015fan ve &#8220;Hayat ve Sanat \u00dczerine Doksan Dokuz Par\u00e7a&#8221; alt ba\u015fl\u0131\u011f\u0131 ta\u015f\u0131yan kitab\u0131nda yazar\u0131n edebiyata dair notlar\u0131, sevdi\u011fi yazarlara arma\u011fan etti\u011fi yaz\u0131lar\u0131, kitapla\u015ft\u0131rmad\u0131\u011f\u0131 \u00f6yk\u00fcleri, g\u00fcnl\u00fc\u011f\u00fcnden geriye kalanlar\u0131, \u00f6zlemini duydu\u011fu d\u00fcnyaya dair siyas\u00ee bak\u0131\u015f\u0131 bulmak m\u00fcmk\u00fcnd\u00fcr. Onur Caymaz\u2019\u0131n yedi y\u0131lda tamamlad\u0131\u011f\u0131 ve Attil\u00e2 \u0130lhan Roman \u00d6d\u00fcl\u00fc ald\u0131\u011f\u0131 son roman\u0131&nbsp;<em>S\u0131f\u0131r<\/em>; al\u0131\u015fk\u0131n olunan bir insan, zaman, mek\u00e2n modelli evrenden farkl\u0131 bir kurgu evrenine sahip olmas\u0131yla fantastik roman say\u0131labilecek paralel evren hik\u00e2yelerini i\u00e7ermektedir. Anlat\u0131lar\u0131n\u0131n dilini besleyen, dili titizlikle i\u015flemesini sa\u011flayan en \u00f6nemli anahtar \u015fairli\u011fi bu romanda da kendisini belli etmektedir. 2019 y\u0131l\u0131n\u0131n nisan ay\u0131nda son \u015fiir kitab\u0131&nbsp;<em>D\u00fcnya Evi<\/em>&nbsp;raflardaki yerini alm\u0131\u015ft\u0131r.<\/p>\n\n\n\n<h4 class=\"wp-block-heading\">Kaynak\u00e7a<\/h4>\n\n\n\n<p>Bing\u00fcl, \u00d6m\u00fcr (\u015eubat 2010). \u201cOnur Caymaz Okumak\u201d.&nbsp;<em>Eliz Edebiyat<\/em>. S:14. 30.<\/p>\n\n\n\n<p>Burhan, \u00dclk\u00fc (S\u00f6yle\u015fen) (May\u0131s-Haziran 2017). \u201cS\u00f6ye\u015fi: Onur Caymaz\u201d.&nbsp;<em>Edebiyatist.<\/em>&nbsp;S:11. 10-12.<\/p>\n\n\n\n<p>Caymaz, Onur (2011).&nbsp;<em>Hik\u00e2yeden \u00c7ocuk<\/em>. \u0130stanbul: \u0130leti\u015fim Yay.<\/p>\n\n\n\n<p>Caymaz, Onur (Eyl\u00fcl- Ekim 2014). \u201cPolis\u201d.&nbsp;<em>Sarn\u0131\u00e7, \u0130ki Ayl\u0131k \u00d6yk\u00fc Dergisi<\/em>. S:19. 46-49.<\/p>\n\n\n\n<p>Caymaz, Onur (Ocak 2010). \u201cD\u00fcnebakanlar 2008\u201d.&nbsp;<em>Eliz Edebiyat, Ayl\u0131k Dergi<\/em>. S:13. 14-15.<\/p>\n\n\n\n<p>\u00c7elik, Beh\u00e7et (Mart 2004). \u201cVitrin\u201d.&nbsp;<em>Virg\u00fcl, Ayl\u0131k Kitap ve Ele\u015ftiri Dergisi<\/em>. S:71. 2<\/p>\n\n\n\n<p>Emre, G\u00fcltekin (May\u0131s 2009). \u201cYaz Tarifesi\u201d.&nbsp;<em>Akatalpa, Ayl\u0131k \u015eiir ve Ele\u015ftiri Dergisi<\/em>. S:113. 19<\/p>\n\n\n\n<p>G\u00f6rg\u00fc, E. ve Z. G\u00fcrel (S\u00f6yle\u015fenler) (28 Ekim 2013). \u201cYanmay\u0131 Bilenlere Bir Arma\u011fan: Pervaneyle Yaren\u201d.&nbsp;<em>G\u00fcnl\u00fck Evrensel<\/em>. S:4451. 12.<\/p>\n\n\n\n<p>G\u00fcnyad\u0131n, Ay\u015feg\u00fcl Utku (Aral\u0131k 2004). \u201cOnur Caymaz: Seni Hat\u0131rlatan Y\u0131ld\u0131zlar\u2019a Bakt\u0131\u011f\u0131n\u0131zda Herkes Birbiridir Asl\u0131nda. Hepsi Benden Bir \u015eeyler Ta\u015f\u0131yorlar.\u201d&nbsp;<em>Varl\u0131k, Ayl\u0131k Edebiyat ve K\u00fclt\u00fcr Dergisi<\/em>. S: 1167. \u0130\u00e7inde: Varl\u0131k Kitap Eki. S:151. 22-23.<\/p>\n\n\n\n<p>Soy\u015fekerci, H\u00fclya (S\u00f6yle\u015fen). (25 Kas\u0131m 2011). \u201cYazmak Cehennemse Yazmazs\u0131n Olur Biter!\u201d. http:\/\/onurcaymaz.com\/yazmak-cehennemse-yazmazsin-olur-biter\/ [eri\u015fim tarihi: 27.04.2019 ]<\/p>\n\n\n\n<p>T\u00fcrke\u015f, A. \u00d6mer (Aral\u0131k 2004). \u201cRomanlarla Ya\u015fayanlar\u201d.&nbsp;<em>Milliyet Sanat<\/em>. Say\u0131:549. 94-95.<\/p>\n\n\n\n<p>Uyar, Tomris (2005).&nbsp;<em>G\u00fcnd\u00f6k\u00fcm\u00fc, Bir Uyumsuzun Notlar\u0131 I<\/em>. \u0130stanbul: Yap\u0131 Kredi Yay.<\/p>\n\n\n\n<p>Yal\u00e7\u0131n, Murat (Edit\u00f6r) (2010).\u00a0<em>Tanzimat\u2019tan Bug\u00fcne Edebiyat\u00e7\u0131lar Ansiklopedisi<\/em>. Cilt:1. \u0130stanbul: Yap\u0131 Kredi Yay.<\/p>\n\n\n\n<p>\u00d6zge\u00e7mi\u015fimi derleyen G\u00fclben Kocab\u0131\u00e7ak&#8217;a te\u015fekk\u00fcrler&#8230;<\/p>\n","protected":false},"excerpt":{"rendered":"<p>Saadet Han\u0131m ve T\u00fclay Bey\u2019in o\u011flu olarak \u0130stanbul\u2019da d\u00fcnyaya geldi. \u0130lk\u00f6\u011frenimine Nil\u00fcfer Hatun \u0130lkokulunda ba\u015flad\u0131. 1993\u2019te Ma\u00e7ka Teknik Lisesini, 1998\u2019de Marmara \u00dcniversitesi Teknik E\u011fitim Fak\u00fcltesi [&hellip;]<\/p>\n","protected":false},"author":2929,"featured_media":0,"parent":0,"menu_order":0,"comment_status":"closed","ping_status":"closed","template":"","meta":{"footnotes":""},"class_list":["post-9","page","type-page","status-publish","hentry"],"_links":{"self":[{"href":"http:\/\/onurcaymaz.com\/index.php\/wp-json\/wp\/v2\/pages\/9","targetHints":{"allow":["GET"]}}],"collection":[{"href":"http:\/\/onurcaymaz.com\/index.php\/wp-json\/wp\/v2\/pages"}],"about":[{"href":"http:\/\/onurcaymaz.com\/index.php\/wp-json\/wp\/v2\/types\/page"}],"author":[{"embeddable":true,"href":"http:\/\/onurcaymaz.com\/index.php\/wp-json\/wp\/v2\/users\/2929"}],"replies":[{"embeddable":true,"href":"http:\/\/onurcaymaz.com\/index.php\/wp-json\/wp\/v2\/comments?post=9"}],"version-history":[{"count":3,"href":"http:\/\/onurcaymaz.com\/index.php\/wp-json\/wp\/v2\/pages\/9\/revisions"}],"predecessor-version":[{"id":97,"href":"http:\/\/onurcaymaz.com\/index.php\/wp-json\/wp\/v2\/pages\/9\/revisions\/97"}],"wp:attachment":[{"href":"http:\/\/onurcaymaz.com\/index.php\/wp-json\/wp\/v2\/media?parent=9"}],"curies":[{"name":"wp","href":"https:\/\/api.w.org\/{rel}","templated":true}]}}